{"id":8201,"date":"2021-04-27T18:24:00","date_gmt":"2021-04-27T16:24:00","guid":{"rendered":"https:\/\/ecoleinternationalepaca.fr\/?page_id=8201"},"modified":"2025-01-24T07:54:52","modified_gmt":"2025-01-24T06:54:52","slug":"secondary-school-admission-lower-college-higher-lycee-2","status":"publish","type":"page","link":"https:\/\/ecoleinternationalepaca.fr\/en\/admissions\/secondary-school-admission-lower-college-higher-lycee-2\/","title":{"rendered":"Secondary school Admission: Lower (Coll\u00e8ge)\/Higher (Lyc\u00e9e)"},"content":{"rendered":"<p><div class=\"et_d4_element et_pb_section et_pb_section_0 et_animated et_pb_with_background  et_pb_css_mix_blend_mode et_section_regular et_block_section\" >\n\t\t\t\t\n\t\t\t\t\n\t\t\t\t\n\t\t\t\t\n\t\t\t\t\n\t\t\t\t\n\t\t\t\t<div class=\"et_d4_element et_pb_row et_pb_row_0  et_pb_css_mix_blend_mode et_block_row\">\n\t\t\t\t<div class=\"et_d4_element et_pb_column_4_4 et_pb_column et_pb_column_0  et_pb_css_mix_blend_mode et-last-child et_block_column\">\n\t\t\t\t\n\t\t\t\t\n\t\t\t\t\n\t\t\t\t\n\t\t\t\t<div class=\"et_pb_module et_d4_element et_pb_text et_pb_text_0  et_pb_text_align_left et_pb_bg_layout_dark\">\n\t\t\t\t\n\t\t\t\t\n\t\t\t\t\n\t\t\t\t\n\t\t\t\t<div class=\"et_pb_text_inner\"><h1><em>Admission to secondary school (coll\u00e8ge\/lyc\u00e9e) - ITER A or ITER B<\/em><\/h1><\/div>\n\t\t\t<\/div><div class=\"et_pb_module et_d4_element et_pb_text et_pb_text_1  et_pb_text_align_center et_pb_bg_layout_light\">\n\t\t\t\t\n\t\t\t\t\n\t\t\t\t\n\t\t\t\t\n\t\t\t\t<div class=\"et_pb_text_inner\"><h3><em>On this page you will find a description of the admission criteria and the steps to be taken in order to enrol in EIPACA's middle and high school classes<\/em><\/h3><\/div>\n\t\t\t<\/div>\n\t\t\t<\/div>\n\t\t\t\t\n\t\t\t\t\n\t\t\t\t\n\t\t\t\t\n\t\t\t<\/div>\n\t\t\t\t\n\t\t\t\t\n\t\t\t<\/div><div class=\"et_d4_element et_pb_section et_pb_section_1  et_pb_css_mix_blend_mode et_section_regular et_block_section\" >\n\t\t\t\t\n\t\t\t\t\n\t\t\t\t\n\t\t\t\t\n\t\t\t\t\n\t\t\t\t\n\t\t\t\t<div class=\"et_d4_element et_pb_row et_pb_row_1  et_pb_css_mix_blend_mode et_block_row\">\n\t\t\t\t<div class=\"et_d4_element et_pb_column_4_4 et_pb_column et_pb_column_1  et_pb_css_mix_blend_mode et-last-child et_block_column\">\n\t\t\t\t\n\t\t\t\t\n\t\t\t\t\n\t\t\t\t\n\t\t\t\t<div class=\"et_pb_module et_d4_element et_pb_text et_pb_text_2  et_pb_text_align_left et_pb_bg_layout_light\">\n\t\t\t\t\n\t\t\t\t\n\t\t\t\t\n\t\t\t\t\n\t\t\t\t<div class=\"et_pb_text_inner\"><h3 style=\"text-align: center;\">Premi\u00e8re Inscription au Coll\u00e8ge et au Lyc\u00e9e - <em>Enrolment in Secondary School<\/em><\/h3>\n<h4><span style=\"text-decoration: underline;\"><strong>1\u00e8re \u00e9tape\u00a0: Contacter l'Ecole Secondaire - <em>1st step: Contact the school<\/em><br \/><\/strong><\/span><\/h4>\n<p>En raison de la configuration de l\u2019EI-PACA, les \u00ab familles ITER \u00bb peuvent inscrire leurs enfants toute l\u2019ann\u00e9e, et en fonction de leur arriv\u00e9e en France. En coordination avec le d\u00e9partement RH d\u2019ITER, ils sont invit\u00e9s \u00e0 contacter le <a href=\"mailto:secretariat.2degre@ac-aix-marseille.fr\" target=\"_blank\" rel=\"noopener noreferrer\">Secr\u00e9tariat Secondaire Scolarit\u00e9<\/a>. Apr\u00e8s fourniture du certificat 'Ayant'Droit ITER', les enfants des \u00ab familles ITER \u00bb sont d\u2019embl\u00e9e convoqu\u00e9s aux tests, ce qui ne pr\u00e9figure pas de leur admission d\u00e9finitive.<\/p>\n<p><em>Due to the configuration of the EI-PACA, \"ITER families\" can enrol their children all year round, depending on their arrival in France. In coordination with the ITER HR department, they are invited to contact the <a href=\"mailto:secretariat.2degre@ac-aix-marseille.fr\" target=\"_blank\" rel=\"noopener noreferrer\">Secondary School Secretariat<\/a>. After supplying an ITER Right Holder certificate, children from \"ITER families\" are immediately invited to the tests, which does not prejudge their final admission.<\/em><\/p>\n<h4><span style=\"text-decoration: underline;\"><strong>2\u00e8me \u00e9tape\u00a0: Tests d\u2019Admission - <em>2nd Step: Admissions Tests<\/em><br \/><\/strong><\/span><\/h4>\n<p>Tous les \u00e9l\u00e8ves doivent avoir r\u00e9ussi leur test d\u2019admission avant d\u2019\u00eatre inscrits dans notre \u00e9tablissement. Les \u00e9l\u00e8ves des familles ITER peuvent passer ce test \u00e0 leur arriv\u00e9e \u00e0 Manosque.<\/p>\n<p>Nous vous invitons \u00e9galement \u00e0 prendre connaissance de notre <a href=\"https:\/\/ecoleinternationalepaca.fr\/faq-admissions\/\" target=\"_blank\" rel=\"noopener noreferrer\">Foire aux Questions (FAQ)<br \/><\/a><\/p>\n<p><em>All students must have passed their admission test before being enrolled in our school. Students from ITER families can take the test on arrival in Manosque.<\/em><\/p>\n<p><em>We also invite you to read our <a href=\"https:\/\/ecoleinternationalepaca.fr\/faq-en\/\" target=\"_blank\" rel=\"noopener noreferrer\">Frequently Asked Questions (FAQ)<\/a><\/em><\/p>\n<h4><span style=\"text-decoration: underline;\"><strong>3\u00e8me \u00e9tape\u00a0: Inscriptions - <em>3rd Step: Enrolment<\/em><br \/><\/strong><\/span><\/h4>\n<p>Tous les nouveaux \u00e9l\u00e8ves sont des candidats qui ont r\u00e9ussi leurs tests. Ils doivent \u00e9galement avoir confirm\u00e9 leur pr\u00e9inscription afin de recevoir leur dossier d\u2019inscription.<br \/><em>All new students are candidates who have passed their tests. They must also have confirmed their pre-registration in order to receive their registration pack.<\/em><\/p>\n<p>&nbsp;<\/p>\n<p>&nbsp;<\/p><\/div>\n\t\t\t<\/div>\n\t\t\t<\/div>\n\t\t\t\t\n\t\t\t\t\n\t\t\t\t\n\t\t\t\t\n\t\t\t<\/div>\n\t\t\t\t\n\t\t\t\t\n\t\t\t<\/div><\/p>\n","protected":false},"excerpt":{"rendered":"","protected":false},"author":3,"featured_media":0,"parent":4926,"menu_order":0,"comment_status":"closed","ping_status":"closed","template":"","meta":{"_et_pb_use_builder":"on","_et_pb_old_content":"","_et_gb_content_width":"","footnotes":""},"class_list":["post-8201","page","type-page","status-publish","hentry"],"_links":{"self":[{"href":"https:\/\/ecoleinternationalepaca.fr\/en\/wp-json\/wp\/v2\/pages\/8201","targetHints":{"allow":["GET"]}}],"collection":[{"href":"https:\/\/ecoleinternationalepaca.fr\/en\/wp-json\/wp\/v2\/pages"}],"about":[{"href":"https:\/\/ecoleinternationalepaca.fr\/en\/wp-json\/wp\/v2\/types\/page"}],"author":[{"embeddable":true,"href":"https:\/\/ecoleinternationalepaca.fr\/en\/wp-json\/wp\/v2\/users\/3"}],"replies":[{"embeddable":true,"href":"https:\/\/ecoleinternationalepaca.fr\/en\/wp-json\/wp\/v2\/comments?post=8201"}],"version-history":[{"count":11,"href":"https:\/\/ecoleinternationalepaca.fr\/en\/wp-json\/wp\/v2\/pages\/8201\/revisions"}],"predecessor-version":[{"id":24444,"href":"https:\/\/ecoleinternationalepaca.fr\/en\/wp-json\/wp\/v2\/pages\/8201\/revisions\/24444"}],"up":[{"embeddable":true,"href":"https:\/\/ecoleinternationalepaca.fr\/en\/wp-json\/wp\/v2\/pages\/4926"}],"wp:attachment":[{"href":"https:\/\/ecoleinternationalepaca.fr\/en\/wp-json\/wp\/v2\/media?parent=8201"}],"curies":[{"name":"wp","href":"https:\/\/api.w.org\/{rel}","templated":true}]}}