{"id":7387,"date":"2021-02-22T15:25:11","date_gmt":"2021-02-22T14:25:11","guid":{"rendered":"https:\/\/ecoleinternationalepaca.fr\/actions-of-thr-vie-scolaire-and-school-values\/"},"modified":"2025-07-06T14:57:55","modified_gmt":"2025-07-06T12:57:55","slug":"actions-of-thr-vie-scolaire-and-school-values","status":"publish","type":"page","link":"https:\/\/ecoleinternationalepaca.fr\/en\/the-school\/the-vie-scolaire\/actions-of-thr-vie-scolaire-and-school-values\/","title":{"rendered":"Actions of thr &#8220;vie scolaire&#8221; and school values"},"content":{"rendered":"<p><div class=\"et_d4_element et_pb_section et_pb_section_0 et_animated et_pb_with_background  et_pb_css_mix_blend_mode et_section_regular et_block_section\" >\n\t\t\t\t\n\t\t\t\t\n\t\t\t\t\n\t\t\t\t\n\t\t\t\t\n\t\t\t\t\n\t\t\t\t<div class=\"et_d4_element et_pb_row et_pb_row_0  et_pb_css_mix_blend_mode et_block_row\">\n\t\t\t\t<div class=\"et_d4_element et_pb_column_4_4 et_pb_column et_pb_column_0  et_pb_css_mix_blend_mode et-last-child et_block_column\">\n\t\t\t\t\n\t\t\t\t\n\t\t\t\t\n\t\t\t\t\n\t\t\t\t<div class=\"et_pb_module et_d4_element et_pb_text et_pb_text_0  et_pb_text_align_left et_pb_bg_layout_dark\">\n\t\t\t\t\n\t\t\t\t\n\t\t\t\t\n\t\t\t\t\n\t\t\t\t<div class=\"et_pb_text_inner\"><h1>Our actions and school values<\/h1><\/div>\n\t\t\t<\/div>\n\t\t\t<\/div>\n\t\t\t\t\n\t\t\t\t\n\t\t\t\t\n\t\t\t\t\n\t\t\t<\/div>\n\t\t\t\t\n\t\t\t\t\n\t\t\t<\/div><div class=\"et_d4_element et_pb_section et_pb_section_1 et_animated et_pb_with_background  et_pb_css_mix_blend_mode et_section_regular et_block_section\" >\n\t\t\t\t\n\t\t\t\t\n\t\t\t\t\n\t\t\t\t\n\t\t\t\t\n\t\t\t\t\n\t\t\t\t<div class=\"et_d4_element et_pb_row et_pb_row_1 et_animated  et_pb_css_mix_blend_mode et_block_row\">\n\t\t\t\t<div class=\"et_d4_element et_pb_column_1_2 et_pb_column et_pb_column_1  et_pb_css_mix_blend_mode et_block_column\">\n\t\t\t\t\n\t\t\t\t\n\t\t\t\t\n\t\t\t\t\n\t\t\t\t<div class=\"et_pb_module et_d4_element et_pb_image et_pb_image_0\">\n\t\t\t\t\n\t\t\t\t\n\t\t\t\t\n\t\t\t\t\n\t\t\t\t<span class=\"et_pb_image_wrap \"><img loading=\"lazy\" decoding=\"async\" width=\"2560\" height=\"1707\" src=\"https:\/\/ecoleinternationalepaca.fr\/wp-content\/uploads\/2020\/12\/DSC0463-scaled.jpg\" alt=\"\" title=\"_DSC0463\" srcset=\"https:\/\/ecoleinternationalepaca.fr\/wp-content\/uploads\/2020\/12\/DSC0463-scaled.jpg 2560w, https:\/\/ecoleinternationalepaca.fr\/wp-content\/uploads\/2020\/12\/DSC0463-1280x854.jpg 1280w, https:\/\/ecoleinternationalepaca.fr\/wp-content\/uploads\/2020\/12\/DSC0463-980x653.jpg 980w, https:\/\/ecoleinternationalepaca.fr\/wp-content\/uploads\/2020\/12\/DSC0463-480x320.jpg 480w\" sizes=\"(min-width: 0px) and (max-width: 480px) 480px, (min-width: 481px) and (max-width: 980px) 980px, (min-width: 981px) and (max-width: 1280px) 1280px, (min-width: 1281px) 2560px, 100vw\" class=\"wp-image-1372\" \/><\/span>\n\t\t\t<\/div>\n\t\t\t<\/div><div class=\"et_d4_element et_pb_column_1_2 et_pb_column et_pb_column_2  et_pb_css_mix_blend_mode et-last-child et_block_column\">\n\t\t\t\t\n\t\t\t\t\n\t\t\t\t\n\t\t\t\t\n\t\t\t\t<div class=\"et_pb_module et_d4_element et_pb_text et_pb_text_1  et_pb_text_align_left et_pb_bg_layout_light\">\n\t\t\t\t\n\t\t\t\t\n\t\t\t\t\n\t\t\t\t\n\t\t\t\t<div class=\"et_pb_text_inner\"><h3 style=\"text-align: center;\">A day at EIPACA<\/h3>\n<p style=\"text-align: center;\">Click on this picture to read the <a href=\"https:\/\/ecoleinternationalepaca.fr\/wp-content\/uploads\/2025\/07\/Fait-Welcome-booklet-EN-EIPACA-2025-2026.docx.pdf\" target=\"_blank\" rel=\"noopener\">welcome booklet<\/a><\/p>\n<p><a href=\"https:\/\/ecoleinternationalepaca.fr\/wp-content\/uploads\/2025\/07\/Fait-Welcome-booklet-EN-EIPACA-2025-2026.docx.pdf\" target=\"_blank\" rel=\"noopener noreferrer\"><img loading=\"lazy\" decoding=\"async\" class=\"wp-image-1480 alignnone size-medium\" style=\"display: block; margin-left: auto; margin-right: auto;\" src=\"https:\/\/ecoleinternationalepaca.fr\/wp-content\/uploads\/2020\/12\/livret-daccueil-min-300x143.jpg\" alt=\"\" width=\"300\" height=\"143\" \/><\/a><\/p>\n<p>&nbsp;<\/p><\/div>\n\t\t\t<\/div>\n\t\t\t<\/div>\n\t\t\t\t\n\t\t\t\t\n\t\t\t\t\n\t\t\t\t\n\t\t\t<\/div><div class=\"et_d4_element et_pb_row et_pb_row_2  et_pb_css_mix_blend_mode et_block_row\">\n\t\t\t\t<div class=\"et_d4_element et_pb_column_4_4 et_pb_column et_pb_column_3  et_pb_css_mix_blend_mode et-last-child et_block_column\">\n\t\t\t\t\n\t\t\t\t\n\t\t\t\t\n\t\t\t\t\n\t\t\t\t<div class=\"et_pb_module et_d4_element et_pb_divider et_pb_divider_0 et_pb_space\"><div class=\"et_pb_divider_internal\"><\/div><\/div>\n\t\t\t<\/div>\n\t\t\t\t\n\t\t\t\t\n\t\t\t\t\n\t\t\t\t\n\t\t\t<\/div><div class=\"et_d4_element et_pb_row et_pb_row_3  et_pb_css_mix_blend_mode et_block_row\">\n\t\t\t\t<div class=\"et_d4_element et_pb_column_4_4 et_pb_column et_pb_column_4  et_pb_css_mix_blend_mode et-last-child et_block_column\">\n\t\t\t\t\n\t\t\t\t\n\t\t\t\t\n\t\t\t\t\n\t\t\t\t<div class=\"et_pb_module et_d4_element et_pb_gallery et_pb_gallery_0  et_pb_bg_layout_light et_pb_gallery_grid\">\n\t\t\t\t<div class=\"et_pb_gallery_items et_pb_grid_items et_post_gallery clearfix\" data-per_page=\"4\"><div class=\"et_pb_gallery_item et_pb_grid_item et_pb_bg_layout_light et_pb_css_mix_blend_mode et_pb_gallery_item_0_0\"><div class=\"et_pb_gallery_image landscape\">\n\t\t\t\t\t<a href=\"https:\/\/ecoleinternationalepaca.fr\/wp-content\/uploads\/2020\/12\/Travaux-de-groupe.jpg\" title=\"Travaux de groupe\">\n\t\t\t\t\t<img loading=\"lazy\" decoding=\"async\" width=\"400\" height=\"284\" src=\"https:\/\/ecoleinternationalepaca.fr\/wp-content\/uploads\/2020\/12\/Travaux-de-groupe-400x284.jpg\" srcset=\"https:\/\/ecoleinternationalepaca.fr\/wp-content\/uploads\/2020\/12\/Travaux-de-groupe.jpg 479w, https:\/\/ecoleinternationalepaca.fr\/wp-content\/uploads\/2020\/12\/Travaux-de-groupe-400x284.jpg 480w\" sizes=\"(max-width:479px) 479px, 100vw\" class=\"wp-image-1574\" \/>\n\t\t\t\t\t<span class=\"et_overlay\"><\/span>\n\t\t\t\t<\/a>\n\t\t\t\t<\/div><h3 class=\"et_pb_gallery_title\">Travaux de groupe<\/h3><\/div><div class=\"et_pb_gallery_item et_pb_grid_item et_pb_bg_layout_light et_pb_css_mix_blend_mode et_pb_gallery_item_0_1\"><div class=\"et_pb_gallery_image landscape\">\n\t\t\t\t\t<a href=\"https:\/\/ecoleinternationalepaca.fr\/wp-content\/uploads\/2020\/12\/Savoir-faire-du-delegue.jpg\" title=\"Savoir faire du d\u00e9l\u00e9gu\u00e9\">\n\t\t\t\t\t<img loading=\"lazy\" decoding=\"async\" width=\"400\" height=\"284\" src=\"https:\/\/ecoleinternationalepaca.fr\/wp-content\/uploads\/2020\/12\/Savoir-faire-du-delegue-400x284.jpg\" srcset=\"https:\/\/ecoleinternationalepaca.fr\/wp-content\/uploads\/2020\/12\/Savoir-faire-du-delegue.jpg 479w, https:\/\/ecoleinternationalepaca.fr\/wp-content\/uploads\/2020\/12\/Savoir-faire-du-delegue-400x284.jpg 480w\" sizes=\"(max-width:479px) 479px, 100vw\" class=\"wp-image-1572\" \/>\n\t\t\t\t\t<span class=\"et_overlay\"><\/span>\n\t\t\t\t<\/a>\n\t\t\t\t<\/div><h3 class=\"et_pb_gallery_title\">Savoir faire du d\u00e9l\u00e9gu\u00e9<\/h3><\/div><div class=\"et_pb_gallery_item et_pb_grid_item et_pb_bg_layout_light et_pb_css_mix_blend_mode et_pb_gallery_item_0_2\"><div class=\"et_pb_gallery_image landscape\">\n\t\t\t\t\t<a href=\"https:\/\/ecoleinternationalepaca.fr\/wp-content\/uploads\/2020\/12\/Formation-delegues-10-dec-2020.jpg\" title=\"Formation d\u00e9l\u00e9gu\u00e9s 10 dec 2020\">\n\t\t\t\t\t<img loading=\"lazy\" decoding=\"async\" width=\"400\" height=\"284\" src=\"https:\/\/ecoleinternationalepaca.fr\/wp-content\/uploads\/2020\/12\/Formation-delegues-10-dec-2020-400x284.jpg\" srcset=\"https:\/\/ecoleinternationalepaca.fr\/wp-content\/uploads\/2020\/12\/Formation-delegues-10-dec-2020.jpg 479w, https:\/\/ecoleinternationalepaca.fr\/wp-content\/uploads\/2020\/12\/Formation-delegues-10-dec-2020-400x284.jpg 480w\" sizes=\"(max-width:479px) 479px, 100vw\" class=\"wp-image-1570\" \/>\n\t\t\t\t\t<span class=\"et_overlay\"><\/span>\n\t\t\t\t<\/a>\n\t\t\t\t<\/div><h3 class=\"et_pb_gallery_title\">Formation d\u00e9l\u00e9gu\u00e9s 10 dec 2020<\/h3><\/div><div class=\"et_pb_gallery_item et_pb_grid_item et_pb_bg_layout_light et_pb_css_mix_blend_mode et_pb_gallery_item_0_3\"><div class=\"et_pb_gallery_image landscape\">\n\t\t\t\t\t<a href=\"https:\/\/ecoleinternationalepaca.fr\/wp-content\/uploads\/2020\/12\/Cleaning-day.-Well-done-guys.jpg\" title=\"Cleaning day. Well done guys!\">\n\t\t\t\t\t<img loading=\"lazy\" decoding=\"async\" width=\"400\" height=\"284\" src=\"https:\/\/ecoleinternationalepaca.fr\/wp-content\/uploads\/2020\/12\/Cleaning-day.-Well-done-guys-400x284.jpg\" srcset=\"https:\/\/ecoleinternationalepaca.fr\/wp-content\/uploads\/2020\/12\/Cleaning-day.-Well-done-guys.jpg 479w, https:\/\/ecoleinternationalepaca.fr\/wp-content\/uploads\/2020\/12\/Cleaning-day.-Well-done-guys-400x284.jpg 480w\" sizes=\"(max-width:479px) 479px, 100vw\" class=\"wp-image-1568\" \/>\n\t\t\t\t\t<span class=\"et_overlay\"><\/span>\n\t\t\t\t<\/a>\n\t\t\t\t<\/div><h3 class=\"et_pb_gallery_title\">Cleaning day. Well done guys!<\/h3><\/div><div class=\"et_pb_gallery_item et_pb_grid_item et_pb_bg_layout_light et_pb_css_mix_blend_mode et_pb_gallery_item_0_4\"><div class=\"et_pb_gallery_image landscape\">\n\t\t\t\t\t<a href=\"https:\/\/ecoleinternationalepaca.fr\/wp-content\/uploads\/2020\/12\/Cleaning-day.-Group-picture.jpg\" title=\"Cleaning day. Group picture\">\n\t\t\t\t\t<img loading=\"lazy\" decoding=\"async\" width=\"400\" height=\"284\" src=\"https:\/\/ecoleinternationalepaca.fr\/wp-content\/uploads\/2020\/12\/Cleaning-day.-Group-picture-400x284.jpg\" srcset=\"https:\/\/ecoleinternationalepaca.fr\/wp-content\/uploads\/2020\/12\/Cleaning-day.-Group-picture.jpg 479w, https:\/\/ecoleinternationalepaca.fr\/wp-content\/uploads\/2020\/12\/Cleaning-day.-Group-picture-400x284.jpg 480w\" sizes=\"(max-width:479px) 479px, 100vw\" class=\"wp-image-1566\" \/>\n\t\t\t\t\t<span class=\"et_overlay\"><\/span>\n\t\t\t\t<\/a>\n\t\t\t\t<\/div><h3 class=\"et_pb_gallery_title\">Cleaning day. Group picture<\/h3><\/div><\/div><div class=\"et_pb_gallery_pagination\"><\/div><\/div>\n\t\t\t<\/div>\n\t\t\t\t\n\t\t\t\t\n\t\t\t\t\n\t\t\t\t\n\t\t\t<\/div><div class=\"et_d4_element et_pb_row et_pb_row_4  et_pb_css_mix_blend_mode et_block_row\">\n\t\t\t\t<div class=\"et_d4_element et_pb_column_4_4 et_pb_column et_pb_column_5  et_pb_css_mix_blend_mode et-last-child et_block_column\">\n\t\t\t\t\n\t\t\t\t\n\t\t\t\t\n\t\t\t\t\n\t\t\t\t<div class=\"et_pb_module et_d4_element et_pb_text et_pb_text_2  et_pb_text_align_left et_pb_bg_layout_light\">\n\t\t\t\t\n\t\t\t\t\n\t\t\t\t\n\t\t\t\t\n\t\t\t\t<div class=\"et_pb_text_inner\"><p><b>Our school values\u00a0<\/b><\/p>\n<p><span style=\"font-weight: 400;\">Respect, refusal of discriminations of any kind, freedom, trust and citizenship are fundamental values at EIPACA.<\/span><\/p>\n<p><span style=\"font-weight: 400;\">They are part of the school daily life and they prevail in every situation.<\/span><\/p>\n<p><span style=\"font-weight: 400;\">These values \u200b\u200bare fully integrated into students\u2019school life, from their earliest years until the end of their schooling at EIPACA.<\/span><\/p>\n<p><span style=\"font-weight: 400;\">Learning to live together and respect each other despite their differences is part of future citizens curriculum.\u00a0<\/span><\/p>\n<p><span style=\"font-weight: 400;\">Students are encouraged to be curious about the world around them to be able to demonstrate autonomy and valuable judgement.<\/span><\/p>\n<p>&nbsp;<\/p>\n<p><span style=\"font-weight: 400;\">Tackling bullying and cyberbullying<\/span><\/p>\n<p><span style=\"font-weight: 400;\">Fighting against bullying and discriminations is a school priority.<\/span><\/p>\n<p><span style=\"font-weight: 400;\">Every student has the right to come to class with confidence free from mockery, bullying or denigration of any kind.<\/span><\/p>\n<p><span style=\"font-weight: 400;\">Respect for everyone is fundamental.<\/span><\/p>\n<p><img loading=\"lazy\" decoding=\"async\" src=\"https:\/\/ecoleinternationalepaca.fr\/wp-content\/uploads\/2025\/07\/Phare-300x239.jpg\" width=\"205\" height=\"163\" alt=\"\" class=\"wp-image-26663 alignnone size-medium\" srcset=\"https:\/\/ecoleinternationalepaca.fr\/wp-content\/uploads\/2025\/07\/Phare-300x239.jpg 300w, https:\/\/ecoleinternationalepaca.fr\/wp-content\/uploads\/2025\/07\/Phare.jpg 456w\" sizes=\"(max-width: 205px) 100vw, 205px\" \/><\/p>\n<p><b>PHARE: NATIONAL PLAN TO PREVENT AND FIGHT AGAINST BULLYING<\/b><\/p>\n<p>&nbsp;<\/p>\n<ul>\n<li style=\"font-weight: 400;\" aria-level=\"1\"><b>In every school in France, 2 years ago, PHARE was created to prevent and deal with bullying and cyberbullying.<\/b><\/li>\n<li style=\"font-weight: 400;\" aria-level=\"1\"><b>PHARE<\/b><b>: At EIPACA: A team of adults and of students ambassadors are trained to talk about bullying. Main goals: Detect, prevent and solve<\/b><\/li>\n<li style=\"font-weight: 400;\" aria-level=\"1\"><b>Team PHARE <\/b><b>organises activities in the classroom, information evenings with parents, and awareness-raising and mobilisation events throughout the school year.<\/b><\/li>\n<li style=\"font-weight: 400;\" aria-level=\"1\"><b>The adults of team PHARE also act individually by talking to victims, bullies and their parents.\u00a0<\/b><\/li>\n<li style=\"font-weight: 400;\" aria-level=\"1\"><b>You can contact PHARE at<\/b><b>: <\/b><a href=\"mailto:racyn.phare@gmail.com\"><b>racyn.phare@gmail.com<\/b><\/a><\/li>\n<li style=\"font-weight: 400;\" aria-level=\"1\"><b>Parents, pupils and staff can also call a national number: <\/b><b>3018<\/b><b> for advice on bullying and cyberbullying.<\/b><\/li>\n<\/ul>\n<p>&nbsp;<\/p><\/div>\n\t\t\t<\/div>\n\t\t\t<\/div>\n\t\t\t\t\n\t\t\t\t\n\t\t\t\t\n\t\t\t\t\n\t\t\t<\/div><div class=\"et_d4_element et_pb_row et_pb_row_5  et_pb_css_mix_blend_mode et_block_row\">\n\t\t\t\t<div class=\"et_d4_element et_pb_column_1_3 et_pb_column et_pb_column_6  et_pb_css_mix_blend_mode et_block_column\">\n\t\t\t\t\n\t\t\t\t\n\t\t\t\t\n\t\t\t\t\n\t\t\t\t<div class=\"et_pb_module et_d4_element et_pb_image et_pb_image_1\">\n\t\t\t\t\n\t\t\t\t\n\t\t\t\t\n\t\t\t\t\n\t\t\t\t<span class=\"et_pb_image_wrap \"><img loading=\"lazy\" decoding=\"async\" width=\"620\" height=\"413\" src=\"https:\/\/ecoleinternationalepaca.fr\/wp-content\/uploads\/2020\/12\/egalite-filles-garcons.jpg\" alt=\"\" title=\"egalite-filles-garcons\" srcset=\"https:\/\/ecoleinternationalepaca.fr\/wp-content\/uploads\/2020\/12\/egalite-filles-garcons.jpg 620w, https:\/\/ecoleinternationalepaca.fr\/wp-content\/uploads\/2020\/12\/egalite-filles-garcons-480x320.jpg 480w\" sizes=\"(min-width: 0px) and (max-width: 480px) 480px, (min-width: 481px) 620px, 100vw\" class=\"wp-image-1495\" \/><\/span>\n\t\t\t<\/div>\n\t\t\t<\/div><div class=\"et_d4_element et_pb_column_2_3 et_pb_column et_pb_column_7  et_pb_css_mix_blend_mode et-last-child et_block_column\">\n\t\t\t\t\n\t\t\t\t\n\t\t\t\t\n\t\t\t\t\n\t\t\t\t<div class=\"et_pb_module et_d4_element et_pb_text et_pb_text_3  et_pb_text_align_left et_pb_bg_layout_light\">\n\t\t\t\t\n\t\t\t\t\n\t\t\t\t\n\t\t\t\t\n\t\t\t\t<div class=\"et_pb_text_inner\"><h3 style=\"text-align: center;\"><strong>L\u2019\u00e9galit\u00e9 entre les filles et les gar\u00e7ons<\/strong><\/h3>\n<p style=\"text-align: justify;\">Le code de l'\u00e9ducation rappelle que la transmission de la valeur d'\u00e9galit\u00e9 entre les filles et les gar\u00e7ons, les femmes et les hommes, se fait d\u00e8s l'\u00e9cole primaire.<br \/>Cette politique publique est une condition n\u00e9cessaire pour que, progressivement, les st\u00e9r\u00e9otypes s'estompent et que d'autres mod\u00e8les de comportement se construisent sans discrimination sexiste ni violence. Elle a pour finalit\u00e9 la constitution d'une culture de l'\u00e9galit\u00e9 et du respect mutuel.<br \/>Les \u00e9coles, coll\u00e8ges et lyc\u00e9es sont \u00e9galement incit\u00e9s \u00e0 nouer des partenariats, notamment avec des acteurs du monde \u00e9conomique et professionnel ou du secteur associatif, pour d\u00e9velopper des projets \u00e9ducatifs autour de l'\u00e9galit\u00e9.<br \/>Des actions de pr\u00e9vention collectives sont mises en place dans les coll\u00e8ges et les lyc\u00e9es.<\/p>\n<p style=\"text-align: center;\"><strong>L'\u00e9galit\u00e9 dans les contenus d'enseignement<\/strong><\/p>\n<p style=\"text-align: justify;\">Pour ce qui concerne les contenus d'enseignement,\u00a0le socle commun de connaissances, de comp\u00e9tences et de culture et les programmes d'enseignement moral et civique ainsi que\u00a0les quatre parcours \u00e9ducatifs de l'\u00e9l\u00e8ve\u00a0(parcours citoyen, parcours d'\u00e9ducation artistique et culturelle, parcours \u00e9ducatif de sant\u00e9, parcours Avenir)\u00a0identifient pr\u00e9cis\u00e9ment\u00a0le respect de l'autre sexe et le refus des st\u00e9r\u00e9otypes\u00a0parmi\u00a0les comp\u00e9tences sociales et civiques que tout \u00e9l\u00e8ve doit acqu\u00e9rir.<\/p>\n<p style=\"text-align: justify;\">Les enseignements permettent de transmettre cette culture de l\u2019\u00e9galit\u00e9, gr\u00e2ce \u00e0 la litt\u00e9rature, \u00e0 l\u2019histoire, aux cours d'enseignement moral et civique, et de sciences et vie de la Terre. Dans ce domaine, il est essentiel d\u2019\u00e9duquer au respect du corps de l\u2019autre et de lutter contre l\u2019exposition \u00e0 la pornographie, tout en veillant \u00e0 ce que l\u2019enseignement soit pleinement adapt\u00e9 \u00e0 chaque niveau d\u2019\u00e2ge.<\/p>\n<p style=\"text-align: justify;\">Lors de l'accompagnement des \u00e9l\u00e8ves dans la conception de leurs projets de poursuite d'\u00e9tudes ou d'insertion professionnelle, une action sp\u00e9cifique est men\u00e9e pour lutter contre les st\u00e9r\u00e9otypes\u00a0et promouvoir, aupr\u00e8s des filles comme des gar\u00e7ons, les fili\u00e8res qui sont les moins mixtes.<\/p><\/div>\n\t\t\t<\/div>\n\t\t\t<\/div>\n\t\t\t\t\n\t\t\t\t\n\t\t\t\t\n\t\t\t\t\n\t\t\t<\/div>\n\t\t\t\t\n\t\t\t\t\n\t\t\t<\/div><\/p>\n","protected":false},"excerpt":{"rendered":"","protected":false},"author":2,"featured_media":0,"parent":26757,"menu_order":0,"comment_status":"closed","ping_status":"closed","template":"","meta":{"_et_pb_use_builder":"on","_et_pb_old_content":"","_et_gb_content_width":"","footnotes":""},"class_list":["post-7387","page","type-page","status-publish","hentry"],"_links":{"self":[{"href":"https:\/\/ecoleinternationalepaca.fr\/en\/wp-json\/wp\/v2\/pages\/7387","targetHints":{"allow":["GET"]}}],"collection":[{"href":"https:\/\/ecoleinternationalepaca.fr\/en\/wp-json\/wp\/v2\/pages"}],"about":[{"href":"https:\/\/ecoleinternationalepaca.fr\/en\/wp-json\/wp\/v2\/types\/page"}],"author":[{"embeddable":true,"href":"https:\/\/ecoleinternationalepaca.fr\/en\/wp-json\/wp\/v2\/users\/2"}],"replies":[{"embeddable":true,"href":"https:\/\/ecoleinternationalepaca.fr\/en\/wp-json\/wp\/v2\/comments?post=7387"}],"version-history":[{"count":7,"href":"https:\/\/ecoleinternationalepaca.fr\/en\/wp-json\/wp\/v2\/pages\/7387\/revisions"}],"predecessor-version":[{"id":26771,"href":"https:\/\/ecoleinternationalepaca.fr\/en\/wp-json\/wp\/v2\/pages\/7387\/revisions\/26771"}],"up":[{"embeddable":true,"href":"https:\/\/ecoleinternationalepaca.fr\/en\/wp-json\/wp\/v2\/pages\/26757"}],"wp:attachment":[{"href":"https:\/\/ecoleinternationalepaca.fr\/en\/wp-json\/wp\/v2\/media?parent=7387"}],"curies":[{"name":"wp","href":"https:\/\/api.w.org\/{rel}","templated":true}]}}