{"id":707,"date":"2020-12-04T14:22:10","date_gmt":"2020-12-04T13:22:10","guid":{"rendered":"https:\/\/ecoleinternationalepaca.fr\/ecole-primaire\/"},"modified":"2026-03-14T11:59:57","modified_gmt":"2026-03-14T10:59:57","slug":"ecole-primaire","status":"publish","type":"page","link":"https:\/\/ecoleinternationalepaca.fr\/en\/ecole-primaire\/","title":{"rendered":"\u00c9cole primaire"},"content":{"rendered":"<div class=\"et_pb_section_0 et_pb_section et_section_regular et_block_section et_animated\"><div class=\"et_pb_row_0 et_pb_row et_block_row\"><div class=\"et_pb_column_0 et_pb_column et_pb_column_4_4 et-last-child et_block_column et_pb_css_mix_blend_mode_passthrough\"><div class=\"et_pb_text_0 et_pb_text et_pb_bg_layout_dark et_pb_module et_block_module preset--module--divi-text--default\"><div class=\"et_pb_text_inner\"><h1>ECole primaire uk<\/h1>\n<\/div><\/div><div class=\"et_pb_text_1 et_pb_text et_pb_bg_layout_light et_pb_module et_block_module et_pb_text_align_center preset--module--divi-text--default\"><div class=\"et_pb_text_inner\"><p>uk ecole primaire<\/p>\n<\/div><\/div><\/div><\/div><\/div><div class=\"et_pb_section_1 et_pb_section et_section_regular et_block_section et_animated\"><div class=\"et_pb_row_1 et_pb_row et_block_row\"><div class=\"et_pb_column_1 et_pb_column et_pb_column_4_4 et-last-child et_block_column et_pb_css_mix_blend_mode_passthrough\"><div class=\"et_pb_text_2 et_pb_text et_pb_bg_layout_dark et_animated et_pb_module et_block_module preset--module--divi-text--default\"><div class=\"et_pb_text_inner\"><h2>Test de contenu pour la page \u00e9cole<\/h2>\n<\/div><\/div><div class=\"et_pb_text_3 et_pb_text et_pb_bg_layout_light et_pb_module et_block_module preset--module--divi-text--default\"><div class=\"et_pb_text_inner\"><p>L'\u00c9cole Internationale PACA \u00e0 Manosque accueille les \u00e9l\u00e8ves de 3 \u00e0 18 ans, de la maternelles jusqu\u00e0 la fin du lyc\u00e9e en passant l'\u00e9l\u00e9mentaire et le coll\u00e8ge. Dans un cadre id\u00e9al pour l'apprentissage, et avec une multitude de culture et de nationalit\u00e9s repr\u00e9sent\u00e9es...<\/p>\n<\/div><\/div><\/div><\/div><div class=\"et_pb_row_2 et_pb_row et_block_row et_animated\"><div class=\"et_pb_column_2 et_pb_column et_pb_column_1_2 et_block_column et_pb_css_mix_blend_mode_passthrough\"><div class=\"et_pb_image_0 et_pb_image et_pb_module et_block_module\"><span class=\"et_pb_image_wrap\"><img loading=\"lazy\" decoding=\"async\" src=\"https:\/\/ecoleinternationalepaca.fr\/wp-content\/uploads\/2020\/10\/illus-eipaca-2.jpg\" width=\"1197\" height=\"796\" srcset=\"https:\/\/ecoleinternationalepaca.fr\/wp-content\/uploads\/2020\/10\/illus-eipaca-2.jpg 1197w, https:\/\/ecoleinternationalepaca.fr\/wp-content\/uploads\/2020\/10\/illus-eipaca-2-980x652.jpg 980w, https:\/\/ecoleinternationalepaca.fr\/wp-content\/uploads\/2020\/10\/illus-eipaca-2-480x319.jpg 480w\" sizes=\"(min-width: 0px) and (max-width: 480px) 480px, (min-width: 481px) and (max-width: 980px) 980px, (min-width: 981px) 1197px, 100vw\" class=\"wp-image-272\" \/><\/span><\/div><\/div><div class=\"et_pb_column_3 et_pb_column et_pb_column_1_2 et-last-child et_block_column et_pb_css_mix_blend_mode_passthrough\"><div class=\"et_pb_text_4 et_pb_text et_pb_bg_layout_light et_pb_module et_block_module preset--module--divi-text--default\"><div class=\"et_pb_text_inner\"><h3>L'\u00c9cole Internationale PACA en quelques chiffres<\/h3>\n<ul>\n<li>1 000 jeunes de 3 \u00e0 18 ans<\/li>\n<li>31 nationalit\u00e9s<\/li>\n<li>Terrain de 7 hectares<\/li>\n<li>Emprise au sol du b\u00e2timent de 180 m par 130 m<\/li>\n<li>Une toiture v\u00e9g\u00e9talis\u00e9e de 15 000 m2<\/li>\n<li>385 poteaux arborescents<\/li>\n<li>23 000m3 de b\u00e9ton<\/li>\n<li>12 000m2 de fa\u00e7ades en bois<\/li>\n<li>Menuiseries ext\u00e9rieures et int\u00e9rieures en m\u00e9l\u00e8ze<\/li>\n<li>Chauffage au sol produit par une chaufferie centrale \u00e0 bois<\/li>\n<li>Production d\u2019eau chaude solaire<\/li>\n<li>55 000 Kva de production photovolta\u00efque<\/li>\n<li>Consommation : 25kwh \u00e9nergie primaire\/m2 shon<\/li>\n<\/ul>\n<\/div><\/div><\/div><\/div><div class=\"et_pb_row_3 et_pb_row et_block_row et_animated\"><div class=\"et_pb_column_4 et_pb_column et_pb_column_1_2 et_block_column et_pb_css_mix_blend_mode_passthrough\"><div class=\"et_pb_text_5 et_pb_text et_pb_bg_layout_light et_pb_module et_block_module preset--module--divi-text--default\"><div class=\"et_pb_text_inner\"><h3>L'\u00c9cole Internationale PACA<\/h3>\n<p>L'Ecole Internationale PACA\u00a0regroupe une \u00e9cole primaire (\u00e9cole maternelle et \u00e9l\u00e9mentaire), deux EPLE (Etablissement public locaux d'enseignement) que sont...<\/p>\n<p>Lorem ipsum dolor sit amet, consectetur adipiscing elit. Vivamus viverra porta suscipit. Vestibulum a sapien blandit, volutpat mi sed, tempor neque. Ut congue finibus erat, ac porttitor arcu efficitur vitae.<\/p>\n<p>Aliquam iaculis urna non nulla euismod, in ornare leo convallis. Praesent nec imperdiet metus. Vivamus luctus mauris quis augue cursus porttitor. Ut sagittis leo vel risus rhoncus, ac aliquam lectus tempor. Donec eu justo bibendum, luctus ipsum vel, fermentum diam.\u00a0<\/p>\n<p>Nullam vehicula ut odio nec vulputate.<\/p>\n<\/div><\/div><\/div><div class=\"et_pb_column_5 et_pb_column et_pb_column_1_2 et-last-child et_block_column et_pb_css_mix_blend_mode_passthrough\"><div class=\"et_pb_image_1 et_pb_image et_pb_module et_block_module\"><span class=\"et_pb_image_wrap\"><img loading=\"lazy\" decoding=\"async\" src=\"https:\/\/ecoleinternationalepaca.fr\/wp-content\/uploads\/2020\/10\/illus-eipaca.jpg\" width=\"1197\" height=\"796\" srcset=\"https:\/\/ecoleinternationalepaca.fr\/wp-content\/uploads\/2020\/10\/illus-eipaca.jpg 1197w, https:\/\/ecoleinternationalepaca.fr\/wp-content\/uploads\/2020\/10\/illus-eipaca-980x652.jpg 980w, https:\/\/ecoleinternationalepaca.fr\/wp-content\/uploads\/2020\/10\/illus-eipaca-480x319.jpg 480w\" sizes=\"(min-width: 0px) and (max-width: 480px) 480px, (min-width: 481px) and (max-width: 980px) 980px, (min-width: 981px) 1197px, 100vw\" class=\"wp-image-271\" \/><\/span><\/div><\/div><\/div><\/div>","protected":false},"excerpt":{"rendered":"","protected":false},"author":1,"featured_media":0,"parent":0,"menu_order":10,"comment_status":"closed","ping_status":"closed","template":"","meta":{"footnotes":""},"class_list":["post-707","page","type-page","status-publish","hentry"],"_links":{"self":[{"href":"https:\/\/ecoleinternationalepaca.fr\/en\/wp-json\/wp\/v2\/pages\/707","targetHints":{"allow":["GET"]}}],"collection":[{"href":"https:\/\/ecoleinternationalepaca.fr\/en\/wp-json\/wp\/v2\/pages"}],"about":[{"href":"https:\/\/ecoleinternationalepaca.fr\/en\/wp-json\/wp\/v2\/types\/page"}],"author":[{"embeddable":true,"href":"https:\/\/ecoleinternationalepaca.fr\/en\/wp-json\/wp\/v2\/users\/1"}],"replies":[{"embeddable":true,"href":"https:\/\/ecoleinternationalepaca.fr\/en\/wp-json\/wp\/v2\/comments?post=707"}],"version-history":[{"count":11,"href":"https:\/\/ecoleinternationalepaca.fr\/en\/wp-json\/wp\/v2\/pages\/707\/revisions"}],"predecessor-version":[{"id":718,"href":"https:\/\/ecoleinternationalepaca.fr\/en\/wp-json\/wp\/v2\/pages\/707\/revisions\/718"}],"wp:attachment":[{"href":"https:\/\/ecoleinternationalepaca.fr\/en\/wp-json\/wp\/v2\/media?parent=707"}],"curies":[{"name":"wp","href":"https:\/\/api.w.org\/{rel}","templated":true}]}}