{"id":589,"date":"2020-10-27T14:34:06","date_gmt":"2020-10-27T13:34:06","guid":{"rendered":"https:\/\/ecoleinternationalepaca.fr\/paca-international-school\/"},"modified":"2026-03-26T20:25:59","modified_gmt":"2026-03-26T19:25:59","slug":"ecole-internationale-paca","status":"publish","type":"page","link":"https:\/\/ecoleinternationalepaca.fr\/en\/","title":{"rendered":"\u00c9cole Internationale PACA, Manosque"},"content":{"rendered":"<div class=\"et_pb_section_0 et_pb_section et_pb_fullwidth_section et_section_regular et_block_section\">\n<div class=\"et_pb_fullwidth_slider_0 et_pb_slider et_pb_module\"><div class=\"et_pb_slides\">\n<div class=\"et_pb_slide_0 et_pb_slide et_pb_media_alignment_center et_pb_bg_layout_dark et_pb_text_align_center\" data-slide-id=\"divi\/slide-0\"><div class=\"et_pb_container\"><div class=\"et_pb_slider_container_inner\"><div class=\"et_pb_slide_description\"><\/div><\/div><\/div><\/div>\n<\/div><\/div>\n<\/div>\n\n<div class=\"et_pb_section_1 et_pb_section et_section_regular et_block_section et_animated\">\n<div class=\"et_pb_row_0 et_pb_row et_block_row\">\n<div class=\"et_pb_column_0 et_pb_column et_pb_column_4_4 et-last-child et_block_column et_pb_css_mix_blend_mode_passthrough\">\n<div class=\"et_pb_text_0 et_pb_text et_pb_bg_layout_light et_pb_module et_block_module preset--module--divi-text--default\"><div class=\"et_pb_text_inner\"><h1 style=\"text-align: center;\"><span style=\"text-align: center;\"><a href=\"https:\/\/ecoleinternationalepaca.fr\/les-outils-du-numerique-educatif\/\" target=\"_blank\" rel=\"noopener\">B<\/a>i<a href=\"https:\/\/ecoleinternationalepaca.fr\/projet-pedagogique-eps\/\" target=\"_blank\" rel=\"noopener\">e<\/a>nvenue \u00e0 l'<\/span>\u00e9cole internationale PACA de MANOSQUE <a href=\"https:\/\/ecoleinternationalepaca.fr\/projet-pedagogique-eps\/\" target=\"_blank\" rel=\"noopener\">-<\/a>\u00a0<a href=\"https:\/\/www.canva.com\/design\/DAGmlF9ZbAo\/96Iio3T1BJFs_e_-WZ6Cmg\/view?utm_content=DAGmlF9ZbAo&amp;utm_campaign=designshare&amp;utm_medium=link2&amp;utm_source=uniquelinks&amp;utlId=h9173340a57\" target=\"_blank\" rel=\"noopener\">W<\/a>elcome to PACA international school MANOSQU<a href=\"https:\/\/ecoleinternationalepaca.fr\/formation-enseignants-ia\/\" target=\"_blank\" rel=\"noopener\">E<\/a><\/h1>\n<\/div><\/div>\n\n<div class=\"et_pb_search_0 et_pb_search et_pb_bg_layout_dark et_pb_module et_block_module\"><form class=\"et_pb_searchform\" method=\"get\" role=\"search\" action=\"https:\/\/ecoleinternationalepaca.fr\/en\/\"><div><label class=\"screen-reader-text\" for=\"s\">Search for:<\/label><input name=\"s\" class=\"et_pb_s\" type=\"text\" placeholder=\"Entrez un mot cl\u00e9 pour rechercher une page, une actualit\u00e9, une information...\" value=\"\" \/><input name=\"et_pb_searchform_submit\" type=\"hidden\" value=\"et_search_process\" \/><input name=\"et_pb_include_pages\" type=\"hidden\" value=\"yes\" \/><input name=\"et_pb_include_posts\" type=\"hidden\" value=\"yes\" \/><input class=\"et_pb_searchsubmit\" type=\"submit\" value=\"Search\" \/><\/div><\/form><\/div>\n\n<div class=\"et_pb_divider_0 et_pb_divider et_pb_space et_pb_divider_position_top et_pb_module\"><div class=\"et_pb_divider_internal\"><\/div><\/div>\n\n<div class=\"et_pb_text_1 et_pb_text et_pb_bg_layout_light et_pb_module et_block_module preset--module--divi-text--default\" id=\"Visite virtuelle\"><div class=\"et_pb_text_inner\"><p style=\"text-align: center;\"><span style=\"color: #ff9900;\"><strong><a href=\"https:\/\/ecoleinternationalepaca.fr\/visite-virtuelle\/\" target=\"_blank\" rel=\"noopener\" style=\"color: #ff9900;\">Vous arrivez \u00e0 l'EIPACA et \u00eates impatients de d\u00e9couvrir ce lieu magnifique ? Cliquez <span style=\"color: #ffffff;\">ICI<\/span> pour atterrir et d\u00e9marrer la visite virtuelle<\/a><\/strong><\/span><br \/><span style=\"color: #ff9900;\"><strong><a href=\"https:\/\/ecoleinternationalepaca.fr\/visite-virtuelle\/\" target=\"_blank\" rel=\"noopener\" style=\"color: #ff9900;\">You've just arrived at EIPACA and can't wait to discover this magnificent place? Click <span style=\"color: #ffffff;\">HERE<\/span> to land and start the virtual tour<\/a><\/strong><\/span><\/p>\n<\/div><\/div>\n<\/div>\n<\/div>\n\n<div class=\"et_pb_row_1 et_pb_row et_block_row\">\n<div class=\"et_pb_column_1 et_pb_column et_pb_column_4_4 et-last-child et_block_column et_pb_css_mix_blend_mode_passthrough\">\n<div class=\"et_pb_text_2 et_pb_text et_pb_bg_layout_light et_pb_module et_block_module preset--module--divi-text--default\"><div class=\"et_pb_text_inner\"><h3 style=\"text-align: center;\"><span style=\"color: #ffffff;\">Consultez les offres d'emplois de l'EIPACA<span style=\"color: #00ffff;\"> <strong><a href=\"https:\/\/ecoleinternationalepaca.fr\/leipaca-recrute\/\" target=\"_blank\" rel=\"noopener\" style=\"color: #00ffff;\">ICI<\/a><\/strong><\/span><\/span><span style=\"color: #ffffff;\"><strong><span style=\"color: #00ffff;\"><\/span><\/strong><\/span><span style=\"color: #ffffff;\"><\/span><\/h3>\n<\/div><\/div>\n<\/div>\n<\/div>\n\n<div class=\"et_pb_row_2 et_pb_row et_block_row\">\n<div class=\"et_pb_column_2 et_pb_column et_pb_column_4_4 et-last-child et_block_column et_pb_css_mix_blend_mode_passthrough\">\n<div class=\"et_pb_divider_1 et_pb_divider et_pb_space et_pb_divider_position_top et_pb_module\"><div class=\"et_pb_divider_internal\"><\/div><\/div>\n<\/div>\n<\/div>\n\n<div class=\"et_pb_row_3 et_pb_row et_block_row\">\n<div class=\"et_pb_column_3 et_pb_column et_pb_column_4_4 et-last-child et_block_column et_pb_css_mix_blend_mode_passthrough\">\n<div class=\"et_pb_text_3 et_pb_text et_pb_bg_layout_light et_pb_module et_block_module preset--module--divi-text--default\"><div class=\"et_pb_text_inner\"><div class=\"et_pb_module et_pb_text et_pb_text_1 et_pb_bg_layout_light  et_pb_text_align_center\">\n<div class=\"et_pb_text_inner\">\n<p><strong>Depuis son ouverture en septembre 2007, notre \u00e9tablissement scolarise dans un programme d\u2019enseignement bilingue la quasi-totalit\u00e9 des enfants issus des familles ITER ainsi que de nombreux \u00e9l\u00e8ves locaux de nationalit\u00e9s europ\u00e9ennes et extra-europ\u00e9ennes.<\/strong><br \/><strong>Le dispositif d\u2019enseignement, allant de la maternelle au Baccalaur\u00e9at, compte actuellement 6 sections linguistiques (Anglais, Allemand, Espagnol, Italien, Chinois et Japonais) dans lesquelles les enseignements sont dispens\u00e9s selon le principe de la parit\u00e9 : 50% en langue fran\u00e7aise et 50% dans la langue de section. Un vaste \u00e9ventail de langues vivantes est offert tout au long de la scolarit\u00e9 (Fran\u00e7ais Langue Etrang\u00e8re, Anglais, Allemand, Espagnol, Italien, Chinois, Japonais, Russe, Hindi et Cor\u00e9en).<\/strong><br \/><strong>D\u00e8s le niveau du coll\u00e8ge, les \u00e9l\u00e8ves anglophones peuvent suivre un enseignement anglophone europ\u00e9en o\u00f9 les cours sont dispens\u00e9s \u00e0 plus de 80% en anglais.<\/strong><\/p>\n<\/div>\n<\/div>\n<\/div><\/div>\n<\/div>\n<\/div>\n<\/div>","protected":false},"excerpt":{"rendered":"<p>\u00c9cole Internationale PACA \u00e0 Manosque dans les Alpes de Haute Provence<\/p>\n","protected":false},"author":1,"featured_media":0,"parent":0,"menu_order":0,"comment_status":"closed","ping_status":"closed","template":"","meta":{"footnotes":""},"class_list":["post-589","page","type-page","status-publish","hentry"],"_links":{"self":[{"href":"https:\/\/ecoleinternationalepaca.fr\/en\/wp-json\/wp\/v2\/pages\/589","targetHints":{"allow":["GET"]}}],"collection":[{"href":"https:\/\/ecoleinternationalepaca.fr\/en\/wp-json\/wp\/v2\/pages"}],"about":[{"href":"https:\/\/ecoleinternationalepaca.fr\/en\/wp-json\/wp\/v2\/types\/page"}],"author":[{"embeddable":true,"href":"https:\/\/ecoleinternationalepaca.fr\/en\/wp-json\/wp\/v2\/users\/1"}],"replies":[{"embeddable":true,"href":"https:\/\/ecoleinternationalepaca.fr\/en\/wp-json\/wp\/v2\/comments?post=589"}],"version-history":[{"count":895,"href":"https:\/\/ecoleinternationalepaca.fr\/en\/wp-json\/wp\/v2\/pages\/589\/revisions"}],"predecessor-version":[{"id":33922,"href":"https:\/\/ecoleinternationalepaca.fr\/en\/wp-json\/wp\/v2\/pages\/589\/revisions\/33922"}],"wp:attachment":[{"href":"https:\/\/ecoleinternationalepaca.fr\/en\/wp-json\/wp\/v2\/media?parent=589"}],"curies":[{"name":"wp","href":"https:\/\/api.w.org\/{rel}","templated":true}]}}