{"id":5853,"date":"2021-02-05T16:55:21","date_gmt":"2021-02-05T15:55:21","guid":{"rendered":"https:\/\/ecoleinternationalepaca.fr\/careers-guidance-at-eipaca\/"},"modified":"2021-02-05T16:55:22","modified_gmt":"2021-02-05T15:55:22","slug":"careers-guidance-at-eipaca","status":"publish","type":"page","link":"https:\/\/ecoleinternationalepaca.fr\/en\/careers-guidance-at-eipaca\/","title":{"rendered":"Careers Guidance at EIPACA"},"content":{"rendered":"<div class=\"et_d4_element et_pb_section et_pb_section_0  et_pb_css_mix_blend_mode et_section_regular et_block_section\" >\n\t\t\t\t\n\t\t\t\t\n\t\t\t\t\n\t\t\t\t\n\t\t\t\t\n\t\t\t\t\n\t\t\t\t<div class=\"et_d4_element et_pb_row et_pb_row_0  et_pb_css_mix_blend_mode et_block_row\">\n\t\t\t\t<div class=\"et_d4_element et_pb_column_4_4 et_pb_column et_pb_column_0  et_pb_css_mix_blend_mode et-last-child et_block_column\">\n\t\t\t\t\n\t\t\t\t\n\t\t\t\t\n\t\t\t\t\n\t\t\t\t<div class=\"et_pb_module et_d4_element et_pb_text et_pb_text_0  et_pb_text_align_left et_pb_bg_layout_light\">\n\t\t\t\t\n\t\t\t\t\n\t\t\t\t\n\t\t\t\t\n\t\t\t\t<div class=\"et_pb_text_inner\"><h2>Careers Guidance at EIPACA<\/h2>\n<div class=\"wp-block-buttons\">\n<p><!-- \/divi:button --><\/p>\n<\/div>\n<p><!-- \/divi:buttons --> <!-- divi:paragraph --> <!-- \/divi:paragraph --><\/p><\/div>\n\t\t\t<\/div>\n\t\t\t<\/div>\n\t\t\t\t\n\t\t\t\t\n\t\t\t\t\n\t\t\t\t\n\t\t\t<\/div><div class=\"et_d4_element et_pb_row et_pb_row_1  et_pb_css_mix_blend_mode et_block_row\">\n\t\t\t\t<div class=\"et_d4_element et_pb_column_4_4 et_pb_column et_pb_column_1  et_pb_css_mix_blend_mode et-last-child et_block_column\">\n\t\t\t\t\n\t\t\t\t\n\t\t\t\t\n\t\t\t\t\n\t\t\t\t<div class=\"et_pb_module et_d4_element et_pb_text et_pb_text_1  et_pb_text_align_left et_pb_bg_layout_light\">\n\t\t\t\t\n\t\t\t\t\n\t\t\t\t\n\t\t\t\t\n\t\t\t\t<div class=\"et_pb_text_inner\"><p>Le programme d'orientation professionnelle propos\u00e9 aux \u00e9l\u00e8ves existe depuis plusieurs ann\u00e9es \u00e0 l'EIPACA. Gr\u00e2ce \u00e0 des formations dans divers domaines et pays, le personnel p\u00e9dagogique se trouve en position d\u2019aider et de conseiller les \u00e9l\u00e8ves et leurs parents ainsi que les coll\u00e8gues, sur un certain nombre de syst\u00e8mes d\u2019\u00e9tudes sup\u00e9rieures diff\u00e9rents de par le monde. Outre les programmes officiels d'orientation professionnelle offerts \u00e0 l'EIPACA, le personnel a re\u00e7u une formation de l'Universit\u00e9 d'Oxford, puis de l'Organisation Morrisby et, en juin 2016, la d\u00e9l\u00e9gation des \u00c9tats-Unis a g\u00e9n\u00e9reusement donn\u00e9 une bourse pour suivre une formation \u00e0 New-York, de Conseiller p\u00e9dagogique en \u00e9tudes sup\u00e9rieures aux Etats-Unis.<\/p>\n<p><span style=\"color: #333399;\">The careers guidance programme offered to students has existed for a number of years at EIPACA.\u00a0 Thanks to training in various areas and countries, professional staff are able to help and advise students, parents and other colleagues about a number of different national systems.\u00a0 In addition to the official careers guidance programmes that are delivered at the EIPACA, staff have received training from Oxford University, the Morrisby Organisation, and, in June 2016, the US delegation generously gave a scholarship for the International Guidance Counselor training in New York with the College Board.\u00a0<\/span><\/p>\n<p>Depuis 2013, l'Ecole Internationale est un centre d\u2019examens accr\u00e9dit\u00e9 pour les tests d'admission de Cambridge ; ces tests d'entr\u00e9e sont obligatoires pour acc\u00e9der aux universit\u00e9s prestigieuses du Royaume-Uni, ainsi qu'en m\u00e9decine et en sciences v\u00e9t\u00e9rinaires. Nous acceptons et enregistrons les candidats de l\u2019EIPACA, mais \u00e9galement les candidats externes nous sollicitant.<\/p>\n<p><span style=\"color: #333399;\">Since 2013, the International School has been an accredited exam centre for Cambridge Admissions Tests ; these are compulsory tests for applications to prestigious universities in the UK, as well as for Medicine and Veterinary Science degrees.\u00a0 We accept and register our students, but also external candidates.\u00a0<\/span><\/p>\n<p>Dans le but d'am\u00e9liorer les conseils d'orientation professionnels internationaux que les \u00e9l\u00e8ves de l\u2019EIPACA re\u00e7oivent, depuis Septembre 2016 nous avons con\u00e7u le calendrier suivant pour les lyc\u00e9ens. Les \u00e9l\u00e8ves et leurs familles ont \u00e9galement \u00e9t\u00e9 inform\u00e9s au d\u00e9but de l'ann\u00e9e pendant les soir\u00e9es d'information qui leur ont \u00e9t\u00e9 destin\u00e9es, et ils ont \u00e9t\u00e9 invit\u00e9s \u00e0 poser des questions ou \u00e0 prendre rendez-vous pour des conseils individualis\u00e9s.<\/p>\n<p><span style=\"color: #333399;\">With the view of improving the International careers guidance advice the EIPACA students receive, in September 2016, we devised this planning for the senior high school students.\u00a0 Students and families are also informed at the beginning of the year at the parents information evenings and are invited to ask questions or make appointments for individual advice.<\/span><\/p>\n<p>&nbsp;<\/p><\/div>\n\t\t\t<\/div><div class=\"et_pb_module et_d4_element et_pb_text et_pb_text_2  et_pb_text_align_left et_pb_bg_layout_light\">\n\t\t\t\t\n\t\t\t\t\n\t\t\t\t\n\t\t\t\t\n\t\t\t\t<div class=\"et_pb_text_inner\"><h3 style=\"text-align: center;\"><a href=\"https:\/\/ecoleinternationalepaca.fr\/wp-content\/uploads\/2021\/01\/Tableau-orientation-calendrier-INt-EURO.pdf\" rel=\"attachment wp-att-4080\">Click here for Careers Guidance Calendar EIPACA<\/a><\/h3><\/div>\n\t\t\t<\/div>\n\t\t\t<\/div>\n\t\t\t\t\n\t\t\t\t\n\t\t\t\t\n\t\t\t\t\n\t\t\t<\/div><div class=\"et_d4_element et_pb_row et_pb_row_2  et_pb_css_mix_blend_mode et_block_row\">\n\t\t\t\t<div class=\"et_d4_element et_pb_column_1_2 et_pb_column et_pb_column_2  et_pb_css_mix_blend_mode et_block_column\">\n\t\t\t\t\n\t\t\t\t\n\t\t\t\t\n\t\t\t\t\n\t\t\t\t<div class=\"et_pb_button_module_wrapper et_pb_button_0_wrapper et_pb_button_alignment_center et_pb_module \">\n\t\t\t\t<a class=\"et_pb_button et_d4_element et_pb_button_0 et_pb_bg_layout_light et_block_module\" href=\"https:\/\/ecoleinternationalepaca.fr\/en\/careers-guidance-european-schools\/\" target=\"_blank\">European School Documents<\/a>\n\t\t\t<\/div>\n\t\t\t<\/div><div class=\"et_d4_element et_pb_column_1_2 et_pb_column et_pb_column_3  et_pb_css_mix_blend_mode et-last-child et_block_column\">\n\t\t\t\t\n\t\t\t\t\n\t\t\t\t\n\t\t\t\t\n\t\t\t\t<div class=\"et_pb_button_module_wrapper et_pb_button_1_wrapper et_pb_button_alignment_center et_pb_module \">\n\t\t\t\t<a class=\"et_pb_button et_d4_element et_pb_button_1 et_pb_bg_layout_light et_block_module\" href=\"https:\/\/ecoleinternationalepaca.fr\/cursus-international\/lorientation\/\" target=\"_blank\">International Sections Documents<\/a>\n\t\t\t<\/div>\n\t\t\t<\/div>\n\t\t\t\t\n\t\t\t\t\n\t\t\t\t\n\t\t\t\t\n\t\t\t<\/div>\n\t\t\t\t\n\t\t\t\t\n\t\t\t<\/div>\n","protected":false},"excerpt":{"rendered":"","protected":false},"author":3,"featured_media":0,"parent":0,"menu_order":0,"comment_status":"closed","ping_status":"closed","template":"","meta":{"_et_pb_use_builder":"on","_et_pb_old_content":"","_et_gb_content_width":"","footnotes":""},"class_list":["post-5853","page","type-page","status-publish","hentry"],"_links":{"self":[{"href":"https:\/\/ecoleinternationalepaca.fr\/en\/wp-json\/wp\/v2\/pages\/5853","targetHints":{"allow":["GET"]}}],"collection":[{"href":"https:\/\/ecoleinternationalepaca.fr\/en\/wp-json\/wp\/v2\/pages"}],"about":[{"href":"https:\/\/ecoleinternationalepaca.fr\/en\/wp-json\/wp\/v2\/types\/page"}],"author":[{"embeddable":true,"href":"https:\/\/ecoleinternationalepaca.fr\/en\/wp-json\/wp\/v2\/users\/3"}],"replies":[{"embeddable":true,"href":"https:\/\/ecoleinternationalepaca.fr\/en\/wp-json\/wp\/v2\/comments?post=5853"}],"version-history":[{"count":2,"href":"https:\/\/ecoleinternationalepaca.fr\/en\/wp-json\/wp\/v2\/pages\/5853\/revisions"}],"predecessor-version":[{"id":5855,"href":"https:\/\/ecoleinternationalepaca.fr\/en\/wp-json\/wp\/v2\/pages\/5853\/revisions\/5855"}],"wp:attachment":[{"href":"https:\/\/ecoleinternationalepaca.fr\/en\/wp-json\/wp\/v2\/media?parent=5853"}],"curies":[{"name":"wp","href":"https:\/\/api.w.org\/{rel}","templated":true}]}}