{"id":5021,"date":"2021-01-31T12:44:11","date_gmt":"2021-01-31T11:44:11","guid":{"rendered":"https:\/\/ecoleinternationalepaca.fr\/admissions\/secondary-school-admission-lower-college-higher-lycee\/"},"modified":"2025-01-23T13:25:23","modified_gmt":"2025-01-23T12:25:23","slug":"secondary-school-admission-lower-college-higher-lycee","status":"publish","type":"page","link":"https:\/\/ecoleinternationalepaca.fr\/en\/admissions\/secondary-school-admission-lower-college-higher-lycee\/","title":{"rendered":"Secondary school Admission: Lower (Coll\u00e8ge)\/Higher (Lyc\u00e9e)"},"content":{"rendered":"<p><div class=\"et_d4_element et_pb_section et_pb_section_0 et_animated et_pb_with_background  et_pb_css_mix_blend_mode et_section_regular et_block_section\" >\n\t\t\t\t\n\t\t\t\t\n\t\t\t\t\n\t\t\t\t\n\t\t\t\t\n\t\t\t\t\n\t\t\t\t<div class=\"et_d4_element et_pb_row et_pb_row_0  et_pb_css_mix_blend_mode et_block_row\">\n\t\t\t\t<div class=\"et_d4_element et_pb_column_4_4 et_pb_column et_pb_column_0  et_pb_css_mix_blend_mode et-last-child et_block_column\">\n\t\t\t\t\n\t\t\t\t\n\t\t\t\t\n\t\t\t\t\n\t\t\t\t<div class=\"et_pb_module et_d4_element et_pb_text et_pb_text_0  et_pb_text_align_left et_pb_bg_layout_dark\">\n\t\t\t\t\n\t\t\t\t\n\t\t\t\t\n\t\t\t\t\n\t\t\t\t<div class=\"et_pb_text_inner\"><h1>SECONDARY SCHOOL: Lower (Coll\u00e8ge)\/Higher (Lyc\u00e9e)<\/h1>\n<h1>\u00a0<\/h1><\/div>\n\t\t\t<\/div><div class=\"et_pb_module et_d4_element et_pb_text et_pb_text_1  et_pb_text_align_center et_pb_bg_layout_light\">\n\t\t\t\t\n\t\t\t\t\n\t\t\t\t\n\t\t\t\t\n\t\t\t\t<div class=\"et_pb_text_inner\"><h3>Vous trouverez dans cette page un descriptif des crit\u00e8res d'admission et des d\u00e9marches \u00e0 r\u00e9aliser pour une inscription dans les classes de coll\u00e8ge et de lyc\u00e9e de l'EIPACA<\/h3><\/div>\n\t\t\t<\/div>\n\t\t\t<\/div>\n\t\t\t\t\n\t\t\t\t\n\t\t\t\t\n\t\t\t\t\n\t\t\t<\/div>\n\t\t\t\t\n\t\t\t\t\n\t\t\t<\/div><div class=\"et_d4_element et_pb_section et_pb_section_1  et_pb_css_mix_blend_mode et_section_regular et_block_section\" >\n\t\t\t\t\n\t\t\t\t\n\t\t\t\t\n\t\t\t\t\n\t\t\t\t\n\t\t\t\t\n\t\t\t\t<div class=\"et_d4_element et_pb_row et_pb_row_1  et_pb_css_mix_blend_mode et_block_row\">\n\t\t\t\t<div class=\"et_d4_element et_pb_column_4_4 et_pb_column et_pb_column_1  et_pb_css_mix_blend_mode et-last-child et_block_column\">\n\t\t\t\t\n\t\t\t\t\n\t\t\t\t\n\t\t\t\t\n\t\t\t\t<div class=\"et_pb_module et_d4_element et_pb_text et_pb_text_2  et_pb_text_align_left et_pb_bg_layout_light\">\n\t\t\t\t\n\t\t\t\t\n\t\t\t\t\n\t\t\t\t\n\t\t\t\t<div class=\"et_pb_text_inner\"><h3 style=\"text-align: center;\">Premi\u00e8re Inscription au Coll\u00e8ge et au Lyc\u00e9e<\/h3>\n<h4><span style=\"text-decoration: underline;\"><strong>1\u00e8re \u00e9tape\u00a0: Tests d\u2019Admission<\/strong><\/span><\/h4>\n<p>Tous les \u00e9l\u00e8ves doivent avoir r\u00e9ussi leur test d\u2019admission avant d\u2019\u00eatre inscrits dans notre \u00e9tablissement. Les \u00e9l\u00e8ves des familles ITER peuvent passer ce test \u00e0 leur arriv\u00e9e \u00e0 Manosque. Pour les autres \u00e9l\u00e8ves, notre \u00e9tablissement organise une campagne d\u2019admission chaque printemps se reporter \u00e0 la page <strong>Campagne d'admissions au Secondaire\u00a0<\/strong>de notre site internet.<br \/><strong>En dehors de cette campagne annuelle, et afin d'\u00eatre alert\u00e9 de l'ouverture de la campagne, il est possible de s'inscrire sur le serveur de pr\u00e9-admission en\u00a0\u00a0<a href=\"https:\/\/docs.google.com\/forms\/d\/e\/1FAIpQLSf7ViQZYat7iwwEW6jfT-RJ2R1EW0uTPtKJYSB7MK1TU-CiWw\/viewform\" target=\"_blank\" rel=\"noopener noreferrer\">Cliquant ici.<\/a><\/strong><\/p>\n<p>Nous vous invitons \u00e9galement \u00e0 prendre connaissance de notre <a href=\"https:\/\/ecoleinternationalepaca.fr\/faq-admissions\/\" target=\"_blank\" rel=\"noopener noreferrer\">Foire aux Questions (FAQ)<\/a><\/p>\n<h4><span style=\"text-decoration: underline;\"><strong>2\u00e8me \u00e9tape\u00a0: Inscriptions<\/strong><\/span><\/h4>\n<p>Tous les nouveaux \u00e9l\u00e8ves sont des candidats qui, \u00e0 l\u2019issue de la Campagne d\u2019Admission du printemps, ont r\u00e9ussi leurs tests. Ils doivent \u00e9galement avoir confirm\u00e9 leur pr\u00e9inscription afin de recevoir leur dossier d\u2019inscription.<\/p>\n<h3 style=\"text-align: center;\">R\u00e9inscriptions au Coll\u00e8ge et au Lyc\u00e9e.<\/h3>\n<p>Les \u00e9l\u00e8ves actuellement scolaris\u00e9s au Coll\u00e8ge (6\u00e8me\/S1, 5\u00e8me\/S2, 4\u00e8me\/S3, ou 3\u00e8me\/S4)\u00a0 ou au Lyc\u00e9e (Seconde\/S5 ou Premi\u00e8re\/S6) et qui poursuivront leur scolarit\u00e9 \u00e0 l\u2019EIPACA l\u2019ann\u00e9e scolaire suivante sont automatiquement pr\u00e9vus dans nos effectifs, mais ils doivent se r\u00e9inscrire pour la prochaine ann\u00e9e scolaire.<\/p>\n<p>Cette op\u00e9ration permet \u00e0 l\u2019\u00e9cole d'avoir une vision pr\u00e9cise des effectifs de l'ann\u00e9e \u00e0 venir et de mettre \u00e0 jour les informations administratives en cas de modifications.<\/p>\n<p>Pour la rentr\u00e9e prochaine, les informations d\u2019inscriptions seront envoy\u00e9es directement aux familles fin mai\/d\u00e9but juin.<\/p>\n<p>Merci de vous reporter \u00e0 la page \"Rentr\u00e9e scolaire\" pour la liste des fournitures scolaires et le calendrier de rentr\u00e9e.<\/p>\n<p>&nbsp;<\/p><\/div>\n\t\t\t<\/div>\n\t\t\t<\/div>\n\t\t\t\t\n\t\t\t\t\n\t\t\t\t\n\t\t\t\t\n\t\t\t<\/div>\n\t\t\t\t\n\t\t\t\t\n\t\t\t<\/div><\/p>\n","protected":false},"excerpt":{"rendered":"","protected":false},"author":2,"featured_media":0,"parent":4926,"menu_order":0,"comment_status":"closed","ping_status":"closed","template":"","meta":{"_et_pb_use_builder":"on","_et_pb_old_content":"","_et_gb_content_width":"","footnotes":""},"class_list":["post-5021","page","type-page","status-publish","hentry"],"_links":{"self":[{"href":"https:\/\/ecoleinternationalepaca.fr\/en\/wp-json\/wp\/v2\/pages\/5021","targetHints":{"allow":["GET"]}}],"collection":[{"href":"https:\/\/ecoleinternationalepaca.fr\/en\/wp-json\/wp\/v2\/pages"}],"about":[{"href":"https:\/\/ecoleinternationalepaca.fr\/en\/wp-json\/wp\/v2\/types\/page"}],"author":[{"embeddable":true,"href":"https:\/\/ecoleinternationalepaca.fr\/en\/wp-json\/wp\/v2\/users\/2"}],"replies":[{"embeddable":true,"href":"https:\/\/ecoleinternationalepaca.fr\/en\/wp-json\/wp\/v2\/comments?post=5021"}],"version-history":[{"count":7,"href":"https:\/\/ecoleinternationalepaca.fr\/en\/wp-json\/wp\/v2\/pages\/5021\/revisions"}],"predecessor-version":[{"id":24439,"href":"https:\/\/ecoleinternationalepaca.fr\/en\/wp-json\/wp\/v2\/pages\/5021\/revisions\/24439"}],"up":[{"embeddable":true,"href":"https:\/\/ecoleinternationalepaca.fr\/en\/wp-json\/wp\/v2\/pages\/4926"}],"wp:attachment":[{"href":"https:\/\/ecoleinternationalepaca.fr\/en\/wp-json\/wp\/v2\/media?parent=5021"}],"curies":[{"name":"wp","href":"https:\/\/api.w.org\/{rel}","templated":true}]}}